{"id":7,"date":"2021-09-19T22:06:54","date_gmt":"2021-09-19T20:06:54","guid":{"rendered":"http:\/\/ispf.info\/?page_id=7"},"modified":"2021-12-30T20:04:50","modified_gmt":"2021-12-30T19:04:50","slug":"a-propos-de","status":"publish","type":"page","link":"https:\/\/ispf.info\/index.php\/a-propos-de\/","title":{"rendered":"\u00c0 propos de"},"content":{"rendered":"\n<p><\/p>\n\n\n\n<p><em>Bonjour, je me pr\u00e9sente, je m\u2019appelle G\u00e9rard ESCANDE, je suis n\u00e9 le 6 janvier 1957. Titulaire d\u2019un Brevet de Technicien Viticulture &amp; \u0152nologie obtenu au Lyc\u00e9e Agricole de Charlemagne en 1977, apr\u00e8s mon service militaire j\u2019ai rapidement int\u00e9gr\u00e9 le monde du travail.<\/em><\/p>\n\n\n\n<p><em>&nbsp;&nbsp;&nbsp; Mon cursus professionnel au travers de diff\u00e9rentes entreprises \u00e9voluant dans l\u2019Industrie du Vin et de l\u2019Agro-Alimentaire (Coop-Agria, SOTECOR, INOXPA, ID FLUIDES) et ces 45 ann\u00e9es de passion et de travail m\u2019ont permis d\u2019acqu\u00e9rir une somme importante de connaissance dans le transfert de fluides et notamment sur les diff\u00e9rentes technologies et solutions de pompage.<\/em><\/p>\n\n\n\n<p><em>&nbsp;&nbsp; Mes 15 derni\u00e8res ann\u00e9es en tant que Directeur Commercial d\u2019ID Fluides m\u2019ont permis, compte tenu de notre position de Distributeur, de disposer de la plupart des technologies du march\u00e9 CONSTRUCTEUR, mais surtout avec l\u2019\u00e9volution des capteurs d\u2019optimiser et de s\u00e9curiser nos solutions de pompage.<\/em><\/p>\n\n\n\n<p><em>&nbsp;Compte tenu de l\u2019ensemble des informations accumul\u00e9s, du lien tiss\u00e9 avec la majorit\u00e9 des fabricants de ces secteurs d\u2019activit\u00e9, et de mon exp\u00e9rience terrain j\u2019ai d\u00e9cid\u00e9 d\u2019activer la Structure ISPF.<\/em><\/p>\n\n\n\n<p><em>&nbsp; <strong><u>Si vous le souhaitez je peux vous accompagner sur les domaines suivants:<\/u><\/strong><\/em><\/p>\n\n\n\n<p><strong><em>Assistance \u00e0 une S\u00e9lection de Pompe:<\/em><\/strong><em> <\/em><em>Dans cette premi\u00e8re solution, nous \u00e9laborons, ensemble, un cahier des charges de vos priorit\u00e9s, nous prenons en compte l\u2019ensemble des \u00e9l\u00e9ments techniques de votre installation. Je vous proposerai 2 ou 3 Alternatives avec des budgets diff\u00e9rents, \u00e0 partir de l\u00e0 la d\u00e9cision finale vous appartiendra.<\/em><\/p>\n\n\n\n<p><strong><em>Assistance et Collaboration \u00e0 la Solution de Pompage:<\/em><\/strong><em> <\/em><em>Dans cette alternative, une fois l\u2019\u00e9tude technique finalis\u00e9, je m\u2019occupe de g\u00e9rer les consultations d\u2019achat aupr\u00e8s des distributeurs ou constructeurs retenus. Avec votre accord je passe commande et je vous assiste \u00e0 la mise en service de l\u2019\u00e9quipement valid\u00e9.<\/em><\/p>\n\n\n\n<ul><li><strong><em>Formation des Op\u00e9rateurs:<\/em><\/strong><em> Vous \u00eates Responsable de Site ou Directeur Technique vous souhaitez am\u00e9liorer les connaissances de votre personnel et les sensibiliser \u00e0 l\u2019utilisation et aux capacit\u00e9s et limites des \u00e9quipements que vous avez mis \u00e0 leur disposition? Par le biais d\u2019un centre agr\u00e9e je vous propose une formation d\u2019une journ\u00e9e qui rassemble l\u2019ensemble des informations de base \u00e0 retenir: G\u00e9n\u00e9ralit\u00e9s, choix d\u2019une pompe, les Pompes Volum\u00e9triques (avantages &amp; limites), les pompes centrifuge, utilisation, notions des pertes de charge, viscosit\u00e9, influence de la T\u00b0, l\u201902 dissous, les outils techniques \u00e0 notre disposition pour optimiser et s\u00e9curiser le mat\u00e9riel.<\/em><\/li><li><strong><em>ISPF c\u2019est aussi:<\/em><\/strong><em> <\/em><em>Vous avez opt\u00e9 pour une technologie qui ne vous donne pas de satisfaction? Nous v\u00e9rifions l\u2019\u00e9quipement et les crit\u00e8res d\u2019utilisation, je vous communique rapidement un rapport d\u2019expertise qui vous permettras de mieux comprendre l\u2019outil de travail dont vous disposez et ses limites de fonctionnement.<\/em><\/li><li><strong><em>Blog Nouveaut\u00e9s: <\/em><\/strong><em>Cet outil de communication me permettra de vousinformer des nouveaut\u00e9s que nous proposentles distributeurs ouconstructeurs dans le domaine du transfert de fluides.<\/em><\/li><\/ul>\n\n\n\n<p><em>&nbsp;&nbsp;&nbsp;&nbsp;&nbsp; J\u2019essaierai d\u2019\u00e9tayer ces informations avec des mesures r\u00e9elles du terrain, des essais r\u00e9alis\u00e9s et des retours des premiers utilisateurs.<\/em><\/p>\n\n\n\n<p><\/p>\n\n\n\n<div class=\"wp-block-file\"><object class=\"wp-block-file__embed\" data=\"http:\/\/ispf.info\/wp-content\/uploads\/2021\/12\/C.V-du-28-Oct.2021.pdf\" type=\"application\/pdf\" style=\"width:100%;height:1224px\" aria-label=\"Contenu embarqu\u00e9 C.V-du-28-Oct.2021.\"><\/object><a href=\"http:\/\/ispf.info\/wp-content\/uploads\/2021\/12\/C.V-du-28-Oct.2021.pdf\" target=\"_blank\" rel=\"noreferrer noopener\">C.V-du-28-Oct.2021<\/a><a href=\"http:\/\/ispf.info\/wp-content\/uploads\/2021\/12\/C.V-du-28-Oct.2021.pdf\" class=\"wp-block-file__button\" download>T\u00e9l\u00e9charger<\/a><\/div>\n","protected":false},"excerpt":{"rendered":"<p>Bonjour, je me pr\u00e9sente, je m\u2019appelle G\u00e9rard ESCANDE, je suis n\u00e9 le 6 janvier 1957. Titulaire d\u2019un Brevet de Technicien Viticulture &amp; \u0152nologie obtenu au Lyc\u00e9e Agricole de Charlemagne en 1977, apr\u00e8s mon service militaire j\u2019ai rapidement int\u00e9gr\u00e9 le monde du travail. &nbsp;&nbsp;&nbsp; Mon cursus professionnel au travers de diff\u00e9rentes entreprises \u00e9voluant dans l\u2019Industrie du [&hellip;]<\/p>\n","protected":false},"author":1,"featured_media":0,"parent":0,"menu_order":0,"comment_status":"closed","ping_status":"closed","template":"","meta":{"material-hide-sections":[]},"_links":{"self":[{"href":"https:\/\/ispf.info\/index.php\/wp-json\/wp\/v2\/pages\/7"}],"collection":[{"href":"https:\/\/ispf.info\/index.php\/wp-json\/wp\/v2\/pages"}],"about":[{"href":"https:\/\/ispf.info\/index.php\/wp-json\/wp\/v2\/types\/page"}],"author":[{"embeddable":true,"href":"https:\/\/ispf.info\/index.php\/wp-json\/wp\/v2\/users\/1"}],"replies":[{"embeddable":true,"href":"https:\/\/ispf.info\/index.php\/wp-json\/wp\/v2\/comments?post=7"}],"version-history":[{"count":7,"href":"https:\/\/ispf.info\/index.php\/wp-json\/wp\/v2\/pages\/7\/revisions"}],"predecessor-version":[{"id":127,"href":"https:\/\/ispf.info\/index.php\/wp-json\/wp\/v2\/pages\/7\/revisions\/127"}],"wp:attachment":[{"href":"https:\/\/ispf.info\/index.php\/wp-json\/wp\/v2\/media?parent=7"}],"curies":[{"name":"wp","href":"https:\/\/api.w.org\/{rel}","templated":true}]}}