{"id":44,"date":"2021-10-22T21:27:36","date_gmt":"2021-10-22T19:27:36","guid":{"rendered":"http:\/\/ispf.info\/?page_id=44"},"modified":"2021-12-30T19:36:37","modified_gmt":"2021-12-30T18:36:37","slug":"solutions","status":"publish","type":"page","link":"https:\/\/ispf.info\/index.php\/solutions\/","title":{"rendered":"Solutions"},"content":{"rendered":"\n<p>ISPF Solutions VINI<\/p>\n\n\n\n<p><strong><em>Mon ambition , proposer des solutions adapt\u00e9s pour accompagner le vinificateur de la r\u00e9ception de la vendange , \u00e0 la mise en bouteilles . Je peux vous aider dans les domaines suivants :<\/em><\/strong><\/p>\n\n\n\n<p>\u2022 <strong>RECEPTION VENDANGE \/ DECUVAGE \/ Techniques de RACLAGE<br><\/strong>\u2022 <strong>DOSAGE DES INTRANTS : SO2 , Enzymes , Bentonite ,&#8230;<br><\/strong>\u2022 <strong>PREPARER \/ MELANGER \/ TRANSFERER : Levain , solution Bentonite ,&#8230;<br><\/strong>\u2022 <strong>TECHNIQUES DE FLOTATION<br><\/strong>\u2022 <strong>CONTROLE TURBIDITE , CONDUCTIVITE (Utilisation des CAPTEURS)<br><\/strong>\u2022 <strong>TECHNIQUES DE REMONTAGE : POMPE \/ AIR COMPRIME (Vins ROUGES) <\/strong>\u2022 <strong>MESURE GAZ DISSOUS 02 &amp; C02 \/ GAMME MISES EN BOUTEILLES<br><\/strong>\u2022 <strong>SOLUTIONS DE POMPAGE<br><\/strong>\u2022 <strong>NEP VAISELLE VINAIRE \/ BLUE SEMPLICE<br><\/strong>\u2022 <strong>GAMME BARRIQUES<br><\/strong>\u2022 <strong>GENERATEUR : Vapeur , Ozone , Production Air comprim\u00e9 &amp; Azote<br><\/strong>\u2022 <strong>TECHNIQUE DU VIDE \/ RECUPERATION C02<br><\/strong>\u2022 <strong>SURPRESSION RESEAU \/ POMPAGE &amp; TRAITEMENT DES EFFLUENTS<br><\/strong>\u2022 <strong>PRESTATAIRE DE SERVICES<\/strong><\/p>\n\n\n\n<p><em>Soucieux de la maintenance et du suivi de vos \u00e9quipements , mon r\u00f4le consistera \u00e9galement \u00e0 proposer un prestataire local qui pourras intervenir sur le mat\u00e9riel et assurer un suivi des pi\u00e8ces d\u00e9tach\u00e9es de premi\u00e8re urgence .<\/em><\/p>\n\n\n\n<p><\/p>\n\n\n\n<p><strong><em><u>Si vous le souhaitez je peux vous accompagner sur les domaines suivants:<\/u><\/em><\/strong><\/p>\n\n\n\n<p><strong><em>Assistance \u00e0 une S\u00e9lection de Pompe:<\/em><\/strong><em> <\/em><em>Dans cette premi\u00e8re solution, nous \u00e9laborons, ensemble, un cahier des charges de vos priorit\u00e9s, nous prenons en compte l\u2019ensemble des \u00e9l\u00e9ments techniques de votre installation. Je vous proposerai 2 ou 3 Alternatives avec des budgets diff\u00e9rents, \u00e0 partir de l\u00e0 la d\u00e9cision finale vous appartiendra.<\/em><\/p>\n\n\n\n<p><strong><em>Assistance et Collaboration \u00e0 la Solution de Pompage:<\/em><\/strong><em> Dans cette alternative, une fois l\u2019\u00e9tude technique finalis\u00e9, je m\u2019occupe de g\u00e9rer les consultations d\u2019achat aupr\u00e8s des distributeurs ou constructeurs retenus. Avec votre accord je passe commande et je vous assiste \u00e0 la mise en service de l\u2019\u00e9quipement valid\u00e9.<\/em><\/p>\n\n\n\n<p><\/p>\n\n\n\n<p><\/p>\n\n\n\n<p><strong><em>ISPF c\u2019est aussi:<\/em><\/strong><em>Vous avez opt\u00e9 pour une technologie qui ne vous donne pas de satisfaction? Nous v\u00e9rifions l\u2019\u00e9quipement et les crit\u00e8res d\u2019utilisation, je vous communique rapidement un rapport d\u2019expertise qui vous permettras de mieux comprendre l\u2019outil de travail dont vous disposez et ses limites de fonctionnement.<\/em><\/p>\n\n\n\n<p><\/p>\n\n\n\n<p class=\"has-large-font-size\">EXEMPLES DE SOLUTIONS<\/p>\n\n\n\n<div class=\"wp-block-media-text alignwide is-stacked-on-mobile\"><figure class=\"wp-block-media-text__media\"><img loading=\"lazy\" width=\"768\" height=\"1024\" src=\"http:\/\/ispf.info\/wp-content\/uploads\/2021\/10\/1-MONOVIS-Instal.26-768x1024.jpg\" alt=\"\" class=\"wp-image-65 size-full\" srcset=\"https:\/\/ispf.info\/wp-content\/uploads\/2021\/10\/1-MONOVIS-Instal.26-768x1024.jpg 768w, https:\/\/ispf.info\/wp-content\/uploads\/2021\/10\/1-MONOVIS-Instal.26-225x300.jpg 225w, https:\/\/ispf.info\/wp-content\/uploads\/2021\/10\/1-MONOVIS-Instal.26.jpg 864w\" sizes=\"(max-width: 768px) 100vw, 768px\" \/><\/figure><div class=\"wp-block-media-text__content\">\n<p class=\"has-medium-font-size\"><strong><strong>Transfert de vendange \u00e9grapp\u00e9:<\/strong><\/strong><\/p>\n\n\n\n<p class=\"has-medium-font-size\"><strong>Equipement s\u00e9lectionn\u00e9 Pompe MONOVIS T.120 \/ Vitesse Lente +- 100 Rpm pour un d\u00e9bit de +- 35 Tonnes\/Heure \u00e0 4 BAR . AU niveau de l\u2019aiguillage des apports noter l\u2019utilisation de vannes guillotine bi-directionelle pour limiter les zones de r\u00e9tention entre le corps et la pelle de la vanne.<\/strong><\/p>\n<\/div><\/div>\n\n\n\n<div class=\"wp-block-media-text alignwide is-stacked-on-mobile\"><figure class=\"wp-block-media-text__media\"><img loading=\"lazy\" width=\"1024\" height=\"768\" src=\"http:\/\/ispf.info\/wp-content\/uploads\/2021\/10\/2-Doser-S02-Enzymes-1024x768.jpg\" alt=\"\" class=\"wp-image-67 size-full\" srcset=\"https:\/\/ispf.info\/wp-content\/uploads\/2021\/10\/2-Doser-S02-Enzymes-1024x768.jpg 1024w, https:\/\/ispf.info\/wp-content\/uploads\/2021\/10\/2-Doser-S02-Enzymes-300x225.jpg 300w, https:\/\/ispf.info\/wp-content\/uploads\/2021\/10\/2-Doser-S02-Enzymes-768x576.jpg 768w, https:\/\/ispf.info\/wp-content\/uploads\/2021\/10\/2-Doser-S02-Enzymes-1536x1152.jpg 1536w, https:\/\/ispf.info\/wp-content\/uploads\/2021\/10\/2-Doser-S02-Enzymes-2048x1536.jpg 2048w\" sizes=\"(max-width: 1024px) 100vw, 1024px\" \/><\/figure><div class=\"wp-block-media-text__content\">\n<p class=\"has-medium-font-size\"><strong>Dosage des intrants avant fermentation:<\/strong>&nbsp;<\/p>\n\n\n\n<p class=\"has-medium-font-size\">Pulv\u00e9risation d\u2019une solution d\u2019eau et enzymes \u00e0 10% au niveau de la tr\u00e9mie Pompe MONOVIS . Dosage d\u2019une solution de S02 \u00e0 5% en utilisant une pompe p\u00e9ristaltique Chimie pour garantir la dose juste .<\/p>\n<\/div><\/div>\n\n\n\n<div class=\"wp-block-media-text alignwide is-stacked-on-mobile\"><figure class=\"wp-block-media-text__media\"><img loading=\"lazy\" width=\"1024\" height=\"768\" src=\"http:\/\/ispf.info\/wp-content\/uploads\/2021\/10\/3-Blue-Semplice-Cuve-Inox-580-Hl-1-1024x768.jpg\" alt=\"\" class=\"wp-image-71 size-full\" srcset=\"https:\/\/ispf.info\/wp-content\/uploads\/2021\/10\/3-Blue-Semplice-Cuve-Inox-580-Hl-1-1024x768.jpg 1024w, https:\/\/ispf.info\/wp-content\/uploads\/2021\/10\/3-Blue-Semplice-Cuve-Inox-580-Hl-1-300x225.jpg 300w, https:\/\/ispf.info\/wp-content\/uploads\/2021\/10\/3-Blue-Semplice-Cuve-Inox-580-Hl-1-768x576.jpg 768w, https:\/\/ispf.info\/wp-content\/uploads\/2021\/10\/3-Blue-Semplice-Cuve-Inox-580-Hl-1-1536x1152.jpg 1536w, https:\/\/ispf.info\/wp-content\/uploads\/2021\/10\/3-Blue-Semplice-Cuve-Inox-580-Hl-1-2048x1536.jpg 2048w\" sizes=\"(max-width: 1024px) 100vw, 1024px\" \/><\/figure><div class=\"wp-block-media-text__content\">\n<p class=\"has-medium-font-size\"><strong>Limiter les consommations d\u2019eau et de produits de lavage:<\/strong>&nbsp;<\/p>\n\n\n\n<p class=\"has-medium-font-size\">Le syst\u00e8me&nbsp;<strong>BLUE SEMPLICE<\/strong>&nbsp;utilise une t\u00eate rotative \u00e0 360\u00b0 qui&nbsp; peut se fixer sur une des vannes de la cuve \u00e0 nettoyer . Une pompe moyenne pression \u00e0 12 Bars pour un d\u00e9bit de +- 1m3\/Heure + 2 pompes \u00e0 canal lat\u00e9ral (recyclage et mise \u00e0 l\u2019\u00e9gout) permet de nettoyer des cuves jusqu\u2019\u00e0 8 m\u00e8tres de hauteur . Le fonctionnement est semi-automatique avec 20 Programmes ( suivant le type de cuve \u00e0 traiter), on peut utiliser de l\u2019eau chaude jusqu\u2019\u00e0 50\u00b0C ou l\u2019alimenter avec de l\u2019eau ozon\u00e9.<\/p>\n<\/div><\/div>\n\n\n\n<div class=\"wp-block-media-text alignwide is-stacked-on-mobile\"><figure class=\"wp-block-media-text__media\"><img loading=\"lazy\" width=\"690\" height=\"559\" src=\"http:\/\/ispf.info\/wp-content\/uploads\/2021\/10\/4-N.E.P-Cuverie-12-a\u0300-14-me\u0301tres-Hauteur-1.png\" alt=\"\" class=\"wp-image-75 size-full\" srcset=\"https:\/\/ispf.info\/wp-content\/uploads\/2021\/10\/4-N.E.P-Cuverie-12-a\u0300-14-me\u0301tres-Hauteur-1.png 690w, https:\/\/ispf.info\/wp-content\/uploads\/2021\/10\/4-N.E.P-Cuverie-12-a\u0300-14-me\u0301tres-Hauteur-1-300x243.png 300w\" sizes=\"(max-width: 690px) 100vw, 690px\" \/><\/figure><div class=\"wp-block-media-text__content\">\n<p class=\"has-medium-font-size\"><strong>Utilisation SP2 &amp; NETANK F.A G.D:<\/strong>&nbsp;<\/p>\n\n\n\n<p class=\"has-medium-font-size\">Gr\u00e2ce \u00e0 l\u2019utilisation d\u2019une pompe Auto-amor\u00e7ante inox avec V.F P.7,5 KW + Une t\u00eate Rotative sur un chariot adapt\u00e9 (positionn\u00e9 en partie basse)il est possible de nettoyer en circuit ferm\u00e9 des cuves de 12 et 14 m\u00e8tres de hauteur . L\u2019aspiration est r\u00e9alis\u00e9 en D.N 70 et le refoulement en utilisant un flexible SERTI en D.N 50 .<\/p>\n<\/div><\/div>\n","protected":false},"excerpt":{"rendered":"<p>ISPF Solutions VINI Mon ambition , proposer des solutions adapt\u00e9s pour accompagner le vinificateur de la r\u00e9ception de la vendange , \u00e0 la mise en bouteilles . Je peux vous aider dans les domaines suivants : \u2022 RECEPTION VENDANGE \/ DECUVAGE \/ Techniques de RACLAGE\u2022 DOSAGE DES INTRANTS : SO2 , Enzymes , Bentonite ,&#8230;\u2022 [&hellip;]<\/p>\n","protected":false},"author":1,"featured_media":0,"parent":0,"menu_order":0,"comment_status":"closed","ping_status":"closed","template":"","meta":{"material-hide-sections":[]},"_links":{"self":[{"href":"https:\/\/ispf.info\/index.php\/wp-json\/wp\/v2\/pages\/44"}],"collection":[{"href":"https:\/\/ispf.info\/index.php\/wp-json\/wp\/v2\/pages"}],"about":[{"href":"https:\/\/ispf.info\/index.php\/wp-json\/wp\/v2\/types\/page"}],"author":[{"embeddable":true,"href":"https:\/\/ispf.info\/index.php\/wp-json\/wp\/v2\/users\/1"}],"replies":[{"embeddable":true,"href":"https:\/\/ispf.info\/index.php\/wp-json\/wp\/v2\/comments?post=44"}],"version-history":[{"count":8,"href":"https:\/\/ispf.info\/index.php\/wp-json\/wp\/v2\/pages\/44\/revisions"}],"predecessor-version":[{"id":116,"href":"https:\/\/ispf.info\/index.php\/wp-json\/wp\/v2\/pages\/44\/revisions\/116"}],"wp:attachment":[{"href":"https:\/\/ispf.info\/index.php\/wp-json\/wp\/v2\/media?parent=44"}],"curies":[{"name":"wp","href":"https:\/\/api.w.org\/{rel}","templated":true}]}}