{"id":43,"date":"2021-10-22T21:27:36","date_gmt":"2021-10-22T19:27:36","guid":{"rendered":"http:\/\/ispf.info\/?page_id=43"},"modified":"2021-12-30T19:41:39","modified_gmt":"2021-12-30T18:41:39","slug":"formation","status":"publish","type":"page","link":"https:\/\/ispf.info\/index.php\/formation\/","title":{"rendered":"Formation"},"content":{"rendered":"\n<p><strong><em>Formation des Op\u00e9rateurs:<\/em><\/strong><em> Vous \u00eates Responsable de Site ou Directeur Technique vous souhaitez am\u00e9liorer les connaissances de votre personnel et les sensibiliser \u00e0 l\u2019utilisation et aux capacit\u00e9s et limites des \u00e9quipements que vous avez mis \u00e0 leur disposition? Par le biais d\u2019un centre agr\u00e9e je vous propose une formation d\u2019une journ\u00e9e qui rassemble l\u2019ensemble des informations de base \u00e0 retenir: G\u00e9n\u00e9ralit\u00e9s, choix d\u2019une pompe, les Pompes Volum\u00e9triques (avantages &amp; limites), les pompes centrifuge, utilisation, notions des pertes de charge, viscosit\u00e9, influence de la T\u00b0, l\u201902 dissous, les outils techniques \u00e0 notre disposition pour optimiser et s\u00e9curiser le mat\u00e9riel.<\/em><\/p>\n\n\n\n<p><\/p>\n\n\n\n<p class=\"has-large-font-size\"><strong>PROGRAMME DE FORMATION \/ ISP.F D\u00e9c.2021 :<\/strong><\/p>\n\n\n\n<p><strong>TECHNOLOGIES ET UTILISATION DES POMPES DANS L\u2019INDUSTRIE DU VIN<\/strong><\/p>\n\n\n\n<p>\u2022 G\u00e9n\u00e9ralit\u00e9s<\/p>\n\n\n\n<p><strong>I) POMPE CENTRIFUGE &amp; POMPE VOLUMETRIQUE<\/strong><\/p>\n\n\n\n<ul><li>D\u00e9finition d\u2019une pompe centrifuge<\/li><li>D\u00e9finition d\u2019une pompe volum\u00e9trique<\/li><\/ul>\n\n\n\n<p><strong>II) GENERALITES COMMUNES AUX 2 FAMILLES DE POMPE<\/strong><\/p>\n\n\n\n<ul><li>Capacit\u00e9 d\u2019aspiration<\/li><li>Puissance absorb\u00e9<\/li><\/ul>\n\n\n\n<p><strong>III) CHOIX D\u2019UNE POMPE CENTRIFUGE OU VOLUMETRIQUE<\/strong><\/p>\n\n\n\n<ul><li>R\u00e8gles d\u2019 Or<\/li><li>Exigences sp\u00e9cifiques<\/li><li>Questionnaire pour calcul des Besoins<\/li><\/ul>\n\n\n\n<p><strong>IV) POMPES VOLUMETRIQUES (Principe , avantages &amp; inconv\u00e9nients)<\/strong><\/p>\n\n\n\n<ul><li>Sp\u00e9cifique R\u00e9ception Vendange\/MPC\/D\u00e9cuvage<\/li><li>PARENTHESE : Les Solutions de Dosage<\/li><li>Piston Alternatif<\/li><li>Impulseur Flexible<\/li><li>Monovis ( Sp\u00e9cial Conditionnement , pression de travail \u00e9lev\u00e9)<\/li><li>Piston Oscillant<\/li><li>Technologie \u00e0 Lobes ( Construction Inox &amp; Elastom\u00e9res)<\/li><li>Pompe P\u00e9ristaltique<\/li><li>Pompe Pneumatique<\/li><\/ul>\n\n\n\n<p><strong>V) LES POMPES CENTRIFUGE<\/strong><\/p>\n\n\n\n<ul><li>Pompe Monocellulaire<\/li><li>Pompe \u00e0 D\u00e9cantation Lamellaire ( Auto-amor\u00e7age sous conditions)<\/li><li>PARENTHESE : T\u00eates de Lavage<\/li><li>Pompe \u00e0 Canal Lat\u00e9ral<\/li><li>Pompe Multi-cellulaire<\/li><li>PARENTHESE Pompe Submersible \/ Forage \/ Syst\u00e8me \u00e0 Ligne D\u2019Arbre \u2022<\/li><\/ul>\n\n\n\n<p><strong>VI) GENERALITES SUR L\u2019UTILISATION<\/strong><\/p>\n\n\n\n<ul><li>Notions sur les PERTES DE CHARGE<\/li><li>PARENTHESE sur l\u201902 Dissous<\/li><li>CAPTEURS &amp; VARIATION DE FREQUENCE (Optimiser l\u2019Outil de Travail)<\/li><li>PARENTHESE sur l\u2019 \u00e9tanch\u00e9it\u00e9 : Garniture M\u00e9canique<\/li><li>Questions Diverses<\/li><\/ul>\n\n\n\n<figure class=\"wp-block-image size-large\"><img loading=\"lazy\" width=\"1024\" height=\"724\" src=\"http:\/\/ispf.info\/wp-content\/uploads\/2021\/12\/LA-VIGNE-Formation-Pompes-1-1024x724.jpg\" alt=\"\" class=\"wp-image-121\" srcset=\"https:\/\/ispf.info\/wp-content\/uploads\/2021\/12\/LA-VIGNE-Formation-Pompes-1-1024x724.jpg 1024w, https:\/\/ispf.info\/wp-content\/uploads\/2021\/12\/LA-VIGNE-Formation-Pompes-1-300x212.jpg 300w, https:\/\/ispf.info\/wp-content\/uploads\/2021\/12\/LA-VIGNE-Formation-Pompes-1-768x543.jpg 768w, https:\/\/ispf.info\/wp-content\/uploads\/2021\/12\/LA-VIGNE-Formation-Pompes-1.jpg 1190w\" sizes=\"(max-width: 1024px) 100vw, 1024px\" \/><\/figure>\n","protected":false},"excerpt":{"rendered":"<p>Formation des Op\u00e9rateurs: Vous \u00eates Responsable de Site ou Directeur Technique vous souhaitez am\u00e9liorer les connaissances de votre personnel et les sensibiliser \u00e0 l\u2019utilisation et aux capacit\u00e9s et limites des \u00e9quipements que vous avez mis \u00e0 leur disposition? Par le biais d\u2019un centre agr\u00e9e je vous propose une formation d\u2019une journ\u00e9e qui rassemble l\u2019ensemble des [&hellip;]<\/p>\n","protected":false},"author":1,"featured_media":0,"parent":0,"menu_order":0,"comment_status":"closed","ping_status":"closed","template":"","meta":{"material-hide-sections":[]},"_links":{"self":[{"href":"https:\/\/ispf.info\/index.php\/wp-json\/wp\/v2\/pages\/43"}],"collection":[{"href":"https:\/\/ispf.info\/index.php\/wp-json\/wp\/v2\/pages"}],"about":[{"href":"https:\/\/ispf.info\/index.php\/wp-json\/wp\/v2\/types\/page"}],"author":[{"embeddable":true,"href":"https:\/\/ispf.info\/index.php\/wp-json\/wp\/v2\/users\/1"}],"replies":[{"embeddable":true,"href":"https:\/\/ispf.info\/index.php\/wp-json\/wp\/v2\/comments?post=43"}],"version-history":[{"count":7,"href":"https:\/\/ispf.info\/index.php\/wp-json\/wp\/v2\/pages\/43\/revisions"}],"predecessor-version":[{"id":122,"href":"https:\/\/ispf.info\/index.php\/wp-json\/wp\/v2\/pages\/43\/revisions\/122"}],"wp:attachment":[{"href":"https:\/\/ispf.info\/index.php\/wp-json\/wp\/v2\/media?parent=43"}],"curies":[{"name":"wp","href":"https:\/\/api.w.org\/{rel}","templated":true}]}}